{"id":412,"date":"2019-09-27T12:49:05","date_gmt":"2019-09-27T12:49:05","guid":{"rendered":"http:\/\/www.djvideomusic.com\/?page_id=412"},"modified":"2024-09-07T21:44:24","modified_gmt":"2024-09-07T21:44:24","slug":"promotion","status":"publish","type":"page","link":"http:\/\/www.djvideomusic.com\/index.php\/promotion\/","title":{"rendered":"Nouveau***"},"content":{"rendered":"\n<p>Maintenant \u00e9quip\u00e9 pour les petites salles de moins de\u00a040 personnes a prix abordable.  Pas de compromis sur la qualit\u00e9 sonore (Nouvel \u00e9quipement)<\/p>\n\n\n\n<p>Nous utilisons le m\u00eame kit en ce qui concerne l\u2019\u00e9clairage qui Inclus les vid\u00e9os.<\/p>\n\n\n\n<p>Offrons sur demande une version Karaok\u00e9 qui doit \u00eatre sp\u00e9cifi\u00e9e avant l\u2019\u00e9v\u00e9nement.<\/p>\n","protected":false},"excerpt":{"rendered":"<p>Maintenant \u00e9quip\u00e9 pour les petites salles de moins de\u00a040 personnes a prix abordable. Pas de compromis sur la qualit\u00e9 sonore (Nouvel \u00e9quipement) Nous utilisons le m\u00eame kit en ce qui concerne l\u2019\u00e9clairage qui Inclus les&hellip; <\/p>\n<p><a class=\"more-link\" href=\"http:\/\/www.djvideomusic.com\/index.php\/promotion\/\">Continue Reading Nouveau***<\/a><\/p>\n","protected":false},"author":1,"featured_media":0,"parent":0,"menu_order":0,"comment_status":"closed","ping_status":"closed","template":"","meta":[],"_links":{"self":[{"href":"http:\/\/www.djvideomusic.com\/index.php\/wp-json\/wp\/v2\/pages\/412"}],"collection":[{"href":"http:\/\/www.djvideomusic.com\/index.php\/wp-json\/wp\/v2\/pages"}],"about":[{"href":"http:\/\/www.djvideomusic.com\/index.php\/wp-json\/wp\/v2\/types\/page"}],"author":[{"embeddable":true,"href":"http:\/\/www.djvideomusic.com\/index.php\/wp-json\/wp\/v2\/users\/1"}],"replies":[{"embeddable":true,"href":"http:\/\/www.djvideomusic.com\/index.php\/wp-json\/wp\/v2\/comments?post=412"}],"version-history":[{"count":15,"href":"http:\/\/www.djvideomusic.com\/index.php\/wp-json\/wp\/v2\/pages\/412\/revisions"}],"predecessor-version":[{"id":739,"href":"http:\/\/www.djvideomusic.com\/index.php\/wp-json\/wp\/v2\/pages\/412\/revisions\/739"}],"wp:attachment":[{"href":"http:\/\/www.djvideomusic.com\/index.php\/wp-json\/wp\/v2\/media?parent=412"}],"curies":[{"name":"wp","href":"https:\/\/api.w.org\/{rel}","templated":true}]}}