{"id":242,"date":"2017-09-16T12:19:35","date_gmt":"2017-09-16T12:19:35","guid":{"rendered":"http:\/\/www.djvideomusic.com\/?page_id=242"},"modified":"2024-09-07T21:40:40","modified_gmt":"2024-09-07T21:40:40","slug":"notre-distinction","status":"publish","type":"page","link":"http:\/\/www.djvideomusic.com\/index.php\/notre-distinction\/","title":{"rendered":"Distinction"},"content":{"rendered":"\n<p><strong>Voici quelques raisons de nous choisir pour votre \u00e9v\u00e9nement.<\/strong><\/p>\n\n\n\n<p><strong>Notre Dj est pr\u00e9sent avec vous sur le plancher de danse contrairement au Dj traditionnel. \u00c9tant plus accessible, il est \u00e0 l\u2019\u00e9coute de vos demandes sp\u00e9ciales.<\/strong><\/p>\n\n\n\n<p><strong>Avec nous, pas de demi-mesure.  Aucun extra pour l\u2019\u00e9clairage et les effets visuels, nous fournissons un \u00e9quipement impressionnant et inclus dans notre prix.<\/strong><\/p>\n\n\n\n<p><strong>En prime, nous diffusons des vid\u00e9os en lien avec la musique projet\u00e9e sur \u00e9cran g\u00e9ant, une installation simple et tr\u00e8s appr\u00e9ci\u00e9e de notre auditoire.<\/strong><\/p>\n\n\n\n<p><strong>Nous sommes \u00e9galement \u00e9quip\u00e9 pour les petites salles de moins de 40 personnes \u00e0 prix abordable avec une qualit\u00e9 de son exceptionnel.<\/strong><\/p>\n\n\n\n<p><strong>Possibilit\u00e9s de trois forfaits :<\/strong><\/p>\n\n\n\n<p><strong>Option 1 :&nbsp;<\/strong> <strong>Dj seulement<\/strong><\/p>\n\n\n\n<p><strong>Option 2 :<\/strong>  <strong>Dj &amp; Groupe de musique.  On vous propose le groupe de musique \u00ab S\u00e9quence\u00a0\u00bb , incluant un Dj.  \u00c0 vous de choisir selon votre budget\u2026 \u00ab\u00a0S\u00e9quence \u00bb est compos\u00e9 de 8 musiciens. Ils sont tous des musiciens accomplis d\u2019exp\u00e9rience qui ajoutent du piquant \u00e0 votre \u00e9v\u00e9nement si vous appr\u00e9ciez la musique live.<\/strong><\/p>\n\n\n\n<p><strong>Option 3 : <\/strong> <strong>Soir\u00e9e Karaoke avec dj<\/strong> <strong>(Nouveaut\u00e9)<\/strong><\/p>\n\n\n\n<p><\/p>\n","protected":false},"excerpt":{"rendered":"<p>Voici quelques raisons de nous choisir pour votre \u00e9v\u00e9nement. Notre Dj est pr\u00e9sent avec vous sur le plancher de danse contrairement au Dj traditionnel. \u00c9tant plus accessible, il est \u00e0 l\u2019\u00e9coute de vos demandes sp\u00e9ciales.&hellip; <\/p>\n<p><a class=\"more-link\" href=\"http:\/\/www.djvideomusic.com\/index.php\/notre-distinction\/\">Continue Reading Distinction<\/a><\/p>\n","protected":false},"author":1,"featured_media":0,"parent":0,"menu_order":0,"comment_status":"closed","ping_status":"closed","template":"","meta":[],"_links":{"self":[{"href":"http:\/\/www.djvideomusic.com\/index.php\/wp-json\/wp\/v2\/pages\/242"}],"collection":[{"href":"http:\/\/www.djvideomusic.com\/index.php\/wp-json\/wp\/v2\/pages"}],"about":[{"href":"http:\/\/www.djvideomusic.com\/index.php\/wp-json\/wp\/v2\/types\/page"}],"author":[{"embeddable":true,"href":"http:\/\/www.djvideomusic.com\/index.php\/wp-json\/wp\/v2\/users\/1"}],"replies":[{"embeddable":true,"href":"http:\/\/www.djvideomusic.com\/index.php\/wp-json\/wp\/v2\/comments?post=242"}],"version-history":[{"count":27,"href":"http:\/\/www.djvideomusic.com\/index.php\/wp-json\/wp\/v2\/pages\/242\/revisions"}],"predecessor-version":[{"id":737,"href":"http:\/\/www.djvideomusic.com\/index.php\/wp-json\/wp\/v2\/pages\/242\/revisions\/737"}],"wp:attachment":[{"href":"http:\/\/www.djvideomusic.com\/index.php\/wp-json\/wp\/v2\/media?parent=242"}],"curies":[{"name":"wp","href":"https:\/\/api.w.org\/{rel}","templated":true}]}}